{"id":166,"date":"2022-11-18T17:57:18","date_gmt":"2022-11-18T16:57:18","guid":{"rendered":"http:\/\/www.cosmic-light-gallery.com\/?page_id=166"},"modified":"2024-01-02T11:49:02","modified_gmt":"2024-01-02T10:49:02","slug":"impressum","status":"publish","type":"page","link":"https:\/\/www.cosmic-light-gallery.com\/index.php\/impressum\/","title":{"rendered":"Impressum"},"content":{"rendered":"\t\t<div data-elementor-type=\"wp-page\" data-elementor-id=\"166\" class=\"elementor elementor-166\" data-elementor-post-type=\"page\">\n\t\t\t\t\t\t<section class=\"elementor-section elementor-top-section elementor-element elementor-element-3679c2a0 elementor-section-content-top elementor-section-boxed elementor-section-height-default elementor-section-height-default\" data-id=\"3679c2a0\" data-element_type=\"section\" data-e-type=\"section\">\n\t\t\t\t\t\t<div class=\"elementor-container elementor-column-gap-default\">\n\t\t\t\t\t<div class=\"elementor-column elementor-col-50 elementor-top-column elementor-element elementor-element-67f26b64\" data-id=\"67f26b64\" data-element_type=\"column\" data-e-type=\"column\">\n\t\t\t<div class=\"elementor-widget-wrap elementor-element-populated\">\n\t\t\t\t\t\t<div class=\"elementor-element elementor-element-e1abbc0 elementor-widget elementor-widget-text-editor\" data-id=\"e1abbc0\" data-element_type=\"widget\" data-e-type=\"widget\" data-widget_type=\"text-editor.default\">\n\t\t\t\t<div class=\"elementor-widget-container\">\n\t\t\t\t\t\t\t\t\t<h1>Impressum<\/h1><p style=\"margin-top: 20px;\"><strong>Diensteanbieter<br \/><\/strong>J. Cristiaan Jacobsen<br \/>Dorfstra\u00dfe 1<br \/>23909 R\u00f6mnitz<\/p><p style=\"margin-top: 20px;\"><strong>Kontaktm\u00f6glichkeiten<br \/><\/strong>E-Mail: <a href=\"mailto:info@cosmic-light-gallery.com\">info@cosmic-light-gallery.com<\/a><br \/>Telefon: 04541 &#8211; 859 60-10<\/p><p style=\"margin-top: 20px;\"><strong>Bildquellen und Urheberrechtshinweise:<br \/><\/strong>Cristiaan Jacobsen<\/p><p><strong>Webseiten-Erstellung:<\/strong><br \/><a href=\"http:\/\/wildwux.de\/\" target=\"_blank\" rel=\"noopener\">www.wildwux.de<\/a><\/p><p class=\"seal\" style=\"line-height: 16px;\"><a style=\"font-size: 13px;\" title=\"Rechtstext von Dr. Schwenke - f\u00fcr weitere Informationen bitte anklicken.\" href=\"https:\/\/datenschutz-generator.de\/\" target=\"_blank\" rel=\"noopener noreferrer nofollow\">Erstellt mit kostenlosem Datenschutz-Generator.de von Dr.\u00a0Thomas Schwenke<\/a><\/p>\t\t\t\t\t\t\t\t<\/div>\n\t\t\t\t<\/div>\n\t\t\t\t<div class=\"elementor-element elementor-element-6915d6c elementor-hidden-desktop elementor-hidden-tablet elementor-widget elementor-widget-spacer\" data-id=\"6915d6c\" data-element_type=\"widget\" data-e-type=\"widget\" data-widget_type=\"spacer.default\">\n\t\t\t\t<div class=\"elementor-widget-container\">\n\t\t\t\t\t\t\t<div class=\"elementor-spacer\">\n\t\t\t<div class=\"elementor-spacer-inner\"><\/div>\n\t\t<\/div>\n\t\t\t\t\t\t<\/div>\n\t\t\t\t<\/div>\n\t\t\t\t\t<\/div>\n\t\t<\/div>\n\t\t\t\t<div class=\"elementor-column elementor-col-50 elementor-top-column elementor-element elementor-element-b29b0cf\" data-id=\"b29b0cf\" data-element_type=\"column\" data-e-type=\"column\">\n\t\t\t<div class=\"elementor-widget-wrap elementor-element-populated\">\n\t\t\t\t\t\t<div class=\"elementor-element elementor-element-3d3057b elementor-hidden-desktop elementor-hidden-mobile elementor-widget elementor-widget-spacer\" data-id=\"3d3057b\" data-element_type=\"widget\" data-e-type=\"widget\" data-widget_type=\"spacer.default\">\n\t\t\t\t<div class=\"elementor-widget-container\">\n\t\t\t\t\t\t\t<div class=\"elementor-spacer\">\n\t\t\t<div class=\"elementor-spacer-inner\"><\/div>\n\t\t<\/div>\n\t\t\t\t\t\t<\/div>\n\t\t\t\t<\/div>\n\t\t\t\t<div class=\"elementor-element elementor-element-14b61a4 elementor-widget elementor-widget-image\" data-id=\"14b61a4\" data-element_type=\"widget\" data-e-type=\"widget\" data-widget_type=\"image.default\">\n\t\t\t\t<div class=\"elementor-widget-container\">\n\t\t\t\t\t\t\t\t\t\t\t\t\t\t\t<img fetchpriority=\"high\" decoding=\"async\" width=\"590\" height=\"460\" src=\"https:\/\/www.cosmic-light-gallery.com\/wp-content\/uploads\/cosmic-light-galerie-Cristiaan-Jacobsen.jpg\" class=\"attachment-large size-large wp-image-880\" alt=\"\" srcset=\"https:\/\/www.cosmic-light-gallery.com\/wp-content\/uploads\/cosmic-light-galerie-Cristiaan-Jacobsen.jpg 590w, https:\/\/www.cosmic-light-gallery.com\/wp-content\/uploads\/cosmic-light-galerie-Cristiaan-Jacobsen-300x234.jpg 300w, https:\/\/www.cosmic-light-gallery.com\/wp-content\/uploads\/cosmic-light-galerie-Cristiaan-Jacobsen-150x117.jpg 150w\" sizes=\"(max-width: 590px) 100vw, 590px\" \/>\t\t\t\t\t\t\t\t\t\t\t\t\t\t\t<\/div>\n\t\t\t\t<\/div>\n\t\t\t\t\t<\/div>\n\t\t<\/div>\n\t\t\t\t\t<\/div>\n\t\t<\/section>\n\t\t\t\t<\/div>\n\t\t","protected":false},"excerpt":{"rendered":"<p>Impressum DiensteanbieterJ. Cristiaan JacobsenDorfstra\u00dfe 123909 R\u00f6mnitz Kontaktm\u00f6glichkeitenE-Mail: info@cosmic-light-gallery.comTelefon: 04541 &#8211; 859 60-10 Bildquellen und Urheberrechtshinweise:Cristiaan Jacobsen Webseiten-Erstellung:www.wildwux.de Erstellt mit kostenlosem Datenschutz-Generator.de von Dr.\u00a0Thomas Schwenke<\/p>\n","protected":false},"author":1,"featured_media":0,"parent":0,"menu_order":0,"comment_status":"closed","ping_status":"closed","template":"elementor_header_footer","meta":{"footnotes":""},"class_list":["post-166","page","type-page","status-publish","hentry"],"_links":{"self":[{"href":"https:\/\/www.cosmic-light-gallery.com\/index.php\/wp-json\/wp\/v2\/pages\/166","targetHints":{"allow":["GET"]}}],"collection":[{"href":"https:\/\/www.cosmic-light-gallery.com\/index.php\/wp-json\/wp\/v2\/pages"}],"about":[{"href":"https:\/\/www.cosmic-light-gallery.com\/index.php\/wp-json\/wp\/v2\/types\/page"}],"author":[{"embeddable":true,"href":"https:\/\/www.cosmic-light-gallery.com\/index.php\/wp-json\/wp\/v2\/users\/1"}],"replies":[{"embeddable":true,"href":"https:\/\/www.cosmic-light-gallery.com\/index.php\/wp-json\/wp\/v2\/comments?post=166"}],"version-history":[{"count":65,"href":"https:\/\/www.cosmic-light-gallery.com\/index.php\/wp-json\/wp\/v2\/pages\/166\/revisions"}],"predecessor-version":[{"id":883,"href":"https:\/\/www.cosmic-light-gallery.com\/index.php\/wp-json\/wp\/v2\/pages\/166\/revisions\/883"}],"wp:attachment":[{"href":"https:\/\/www.cosmic-light-gallery.com\/index.php\/wp-json\/wp\/v2\/media?parent=166"}],"curies":[{"name":"wp","href":"https:\/\/api.w.org\/{rel}","templated":true}]}}